{"id":4982,"date":"2016-05-10T16:32:51","date_gmt":"2016-05-10T16:32:51","guid":{"rendered":"http:\/\/localhost:8888\/themes\/ventory\/?page_id=4982"},"modified":"2020-01-22T18:03:32","modified_gmt":"2020-01-22T18:03:32","slug":"contact","status":"publish","type":"page","link":"http:\/\/www.fars-inox.com\/bih\/contact\/","title":{"rendered":"Kontakt"},"content":{"rendered":"<p>[vc_row bg_image=&#8221;16369&#8243; bg_repeat=&#8221;no-repeat&#8221; bg_color=&#8221;#14b0e6&#8243; text_color=&#8221;light&#8221; top_padding=&#8221;230&#8243; bottom_padding=&#8221;250&#8243; bg_position=&#8221;center center&#8221;][vc_column width=&#8221;1\/1&#8243;][\/vc_column][\/vc_row][vc_row type=&#8221;full_width_section&#8221; bg_image=&#8221;16369&#8243; bg_repeat=&#8221;no-repeat&#8221; bg_color=&#8221;#14b0e6&#8243; text_color=&#8221;light&#8221; bg_position=&#8221;center center&#8221;][vc_column width=&#8221;1\/1&#8243;]<div class=\"newdivider align-center\" style=\"border-bottom-style: solid; border-color: #cccccc; border-bottom-width: 1px; margin-top: 0; margin-bottom: 0; width: 100%; \"><\/div><div class=\"clear\"><\/div>[\/vc_column][\/vc_row][vc_row top_padding=&#8221;40&#8243; bottom_padding=&#8221;40&#8243; bg_position=&#8221;left top&#8221;][vc_column width=&#8221;1\/2&#8243;]<h2 class=\"headline font-special fontsize-m fontweight-700 lh-inherit align-left transform-uppercase \" style=\"margin: 0 0 20px 0;\">Direktni kontakt<\/h2>[vc_column_text]<span style=\"color: #14b0e6;\"><strong>Zainteresirani ste za na\u0161e proizvode?<\/strong><\/span><br \/>\nSlobodno nas kontaktirajte. Na\u0161e ljubazno osoblje \u0107e vam odgovoriti \u0161to je prije mogu\u0107e.[\/vc_column_text]\n<div class=\"wpcf7 no-js\" id=\"wpcf7-f5-o1\" lang=\"en\" dir=\"ltr\" data-wpcf7-id=\"5\">\n<div class=\"screen-reader-response\"><p role=\"status\" aria-live=\"polite\" aria-atomic=\"true\"><\/p> <ul><\/ul><\/div>\n<form action=\"\/bih\/wp-json\/wp\/v2\/pages\/4982#wpcf7-f5-o1\" method=\"post\" class=\"wpcf7-form init\" aria-label=\"Contact form\" novalidate=\"novalidate\" data-status=\"init\">\n<fieldset class=\"hidden-fields-container\"><input type=\"hidden\" name=\"_wpcf7\" value=\"5\" \/><input type=\"hidden\" name=\"_wpcf7_version\" value=\"6.1.1\" \/><input type=\"hidden\" name=\"_wpcf7_locale\" value=\"en\" \/><input type=\"hidden\" name=\"_wpcf7_unit_tag\" value=\"wpcf7-f5-o1\" \/><input type=\"hidden\" name=\"_wpcf7_container_post\" value=\"0\" \/><input type=\"hidden\" name=\"_wpcf7_posted_data_hash\" value=\"\" \/>\n<\/fieldset>\n<p>Va\u0161e ime (obavezno)\n<\/p>\n<p><span class=\"wpcf7-form-control-wrap\" data-name=\"your-name\"><input size=\"40\" maxlength=\"400\" class=\"wpcf7-form-control wpcf7-text wpcf7-validates-as-required\" aria-required=\"true\" aria-invalid=\"false\" value=\"\" type=\"text\" name=\"your-name\" \/><\/span>\n<\/p>\n<p>Va\u0161 Email (obavezno)\n<\/p>\n<p><span class=\"wpcf7-form-control-wrap\" data-name=\"your-email\"><input size=\"40\" maxlength=\"400\" class=\"wpcf7-form-control wpcf7-email wpcf7-validates-as-required wpcf7-text wpcf7-validates-as-email\" aria-required=\"true\" aria-invalid=\"false\" value=\"\" type=\"email\" name=\"your-email\" \/><\/span>\n<\/p>\n<p>Naslov poruke\n<\/p>\n<p><span class=\"wpcf7-form-control-wrap\" data-name=\"your-subject\"><input size=\"40\" maxlength=\"400\" class=\"wpcf7-form-control wpcf7-text\" aria-invalid=\"false\" value=\"\" type=\"text\" name=\"your-subject\" \/><\/span>\n<\/p>\n<p>Va\u0161a poruka\n<\/p>\n<p><span class=\"wpcf7-form-control-wrap\" data-name=\"your-message\"><textarea cols=\"40\" rows=\"10\" maxlength=\"2000\" class=\"wpcf7-form-control wpcf7-textarea\" aria-invalid=\"false\" name=\"your-message\"><\/textarea><\/span>\n<\/p>\n<p><input class=\"wpcf7-form-control wpcf7-submit has-spinner\" type=\"submit\" value=\"Posalji poruku\" \/>\n<\/p><div class=\"wpcf7-response-output\" aria-hidden=\"true\"><\/div>\n<\/form>\n<\/div>\n[\/vc_column][vc_column width=&#8221;1\/2&#8243;]<h2 class=\"headline font-special fontsize-m fontweight-700 lh-inherit align-left transform-uppercase \" style=\"margin: 0 0 20px 0;\">Kontakt informacije<\/h2>[vc_column_text]<span style=\"color: #14b0e6;\"><strong>FARS-INOX d.o.o.<\/strong><\/span><br \/>\n<span style=\"color: #14b0e6;\">Adresa:<\/span> Branilaca grada bb, 75320 Gra\u010danica, Bosna i Hercegovina<br \/>\n<span style=\"color: #14b0e6;\">Telefon:<\/span> +387 35 708 391<br \/>\n<span style=\"color: #14b0e6;\">Fax:<\/span> +387 35 708 392<br \/>\n<span style=\"color: #14b0e6;\">Email: <a href=\"mailto:info@fars-inox.com\">info(AT)fars-inox.com<\/a><\/span>[\/vc_column_text]<a href=\"https:\/\/www.google.ba\/maps\/place\/Fars+-+Inox\/@44.6934053,18.2886583,16z\/data=!4m13!1m7!3m6!1s0x475e9e5e756ff0c7:0x9395543807abcf37!2zU3ByZcSNYW5za2kgcHV0LCBHcmHEjWFuaWNh!3b1!8m2!3d44.6914757!4d18.2896802!3m4!1s0x475e9e5e0b3fc051:0x7d704942fdca85ed!8m2!3d44.6909535!4d18.2882881\" target=\"_blank\" class=\"button color-3 full \" style=\"border-radius: 2px;\">POGLEDAJ NA GOOGLE MAPS<\/a><div class=\"spacer\" style=\"height: 40px;\"><\/div><div class=\"single_image wpb_content_element align-left    \" data-animation=\"none\" data-delay=\"0\"><img loading=\"lazy\" decoding=\"async\" width=\"301\" height=\"65\" src=\"http:\/\/www.fars-inox.com\/bih\/wp-content\/uploads\/2016\/05\/logo_web_contact.png\" class=\"attachment-full\" alt=\"\" srcset=\"http:\/\/www.fars-inox.com\/bih\/wp-content\/uploads\/2016\/05\/logo_web_contact.png 301w, http:\/\/www.fars-inox.com\/bih\/wp-content\/uploads\/2016\/05\/logo_web_contact-300x65.png 300w\" sizes=\"auto, (max-width: 301px) 100vw, 301px\" \/><\/div>[\/vc_column][\/vc_row][vc_row type=&#8221;full_width_section&#8221; bg_image=&#8221;16369&#8243; bg_repeat=&#8221;no-repeat&#8221; bg_color=&#8221;#14b0e6&#8243; text_color=&#8221;light&#8221; bg_position=&#8221;center center&#8221;][vc_column width=&#8221;1\/1&#8243;]<div class=\"newdivider align-center\" style=\"border-bottom-style: solid; border-color: #14b0e6; border-bottom-width: 6px; margin-top: 0; margin-bottom: 0; width: 100%; \"><\/div><div class=\"clear\"><\/div>[\/vc_column][\/vc_row]<\/p>\n","protected":false},"excerpt":{"rendered":"<p>[vc_row bg_image=&#8221;16369&#8243; bg_repeat=&#8221;no-repeat&#8221; bg_color=&#8221;#14b0e6&#8243; text_color=&#8221;light&#8221; top_padding=&#8221;230&#8243; bottom_padding=&#8221;250&#8243; bg_position=&#8221;center center&#8221;][vc_column width=&#8221;1\/1&#8243;][\/vc_column][\/vc_row][vc_row type=&#8221;full_width_section&#8221; bg_image=&#8221;16369&#8243; bg_repeat=&#8221;no-repeat&#8221; bg_color=&#8221;#14b0e6&#8243; text_color=&#8221;light&#8221; bg_position=&#8221;center center&#8221;][vc_column width=&#8221;1\/1&#8243;][\/vc_column][\/vc_row][vc_row top_padding=&#8221;40&#8243; bottom_padding=&#8221;40&#8243; bg_position=&#8221;left top&#8221;][vc_column width=&#8221;1\/2&#8243;][vc_column_text]Zainteresirani ste za na\u0161e proizvode? Slobodno nas kontaktirajte. Na\u0161e ljubazno osoblje \u0107e vam odgovoriti \u0161to je prije mogu\u0107e.[\/vc_column_text][\/vc_column][vc_column width=&#8221;1\/2&#8243;][vc_column_text]FARS-INOX d.o.o. Adresa: Branilaca grada bb, 75320 Gra\u010danica, Bosna i Hercegovina Telefon: +387 35 708 391 Fax: +387 35 708 392 Email: info(AT)fars-inox.com[\/vc_column_text][\/vc_column][\/vc_row][vc_row type=&#8221;full_width_section&#8221; bg_image=&#8221;16369&#8243; bg_repeat=&#8221;no-repeat&#8221; bg_color=&#8221;#14b0e6&#8243; text_color=&#8221;light&#8221; bg_position=&#8221;center center&#8221;][vc_column width=&#8221;1\/1&#8243;][\/vc_column][\/vc_row]<\/p>\n","protected":false},"author":1,"featured_media":0,"parent":0,"menu_order":0,"comment_status":"closed","ping_status":"closed","template":"","meta":{"footnotes":""},"class_list":["post-4982","page","type-page","status-publish","hentry"],"_links":{"self":[{"href":"http:\/\/www.fars-inox.com\/bih\/wp-json\/wp\/v2\/pages\/4982","targetHints":{"allow":["GET"]}}],"collection":[{"href":"http:\/\/www.fars-inox.com\/bih\/wp-json\/wp\/v2\/pages"}],"about":[{"href":"http:\/\/www.fars-inox.com\/bih\/wp-json\/wp\/v2\/types\/page"}],"author":[{"embeddable":true,"href":"http:\/\/www.fars-inox.com\/bih\/wp-json\/wp\/v2\/users\/1"}],"replies":[{"embeddable":true,"href":"http:\/\/www.fars-inox.com\/bih\/wp-json\/wp\/v2\/comments?post=4982"}],"version-history":[{"count":33,"href":"http:\/\/www.fars-inox.com\/bih\/wp-json\/wp\/v2\/pages\/4982\/revisions"}],"predecessor-version":[{"id":17026,"href":"http:\/\/www.fars-inox.com\/bih\/wp-json\/wp\/v2\/pages\/4982\/revisions\/17026"}],"wp:attachment":[{"href":"http:\/\/www.fars-inox.com\/bih\/wp-json\/wp\/v2\/media?parent=4982"}],"curies":[{"name":"wp","href":"https:\/\/api.w.org\/{rel}","templated":true}]}}