{"id":4174,"date":"2016-05-10T14:04:26","date_gmt":"2016-05-10T14:04:26","guid":{"rendered":"http:\/\/localhost:8888\/themes\/novice\/?page_id=4174"},"modified":"2018-12-16T21:58:46","modified_gmt":"2018-12-16T21:58:46","slug":"homepage","status":"publish","type":"page","link":"http:\/\/www.fars-inox.com\/bih\/","title":{"rendered":"Home"},"content":{"rendered":"<p>[vc_row type=&#8221;full_width_section&#8221; bg_position=&#8221;left top&#8221;][vc_column width=&#8221;1\/1&#8243;][rev_slider_vc alias=&#8221;default&#8221;][\/vc_column][\/vc_row][vc_row type=&#8221;full_width_section&#8221;][vc_column width=&#8221;1\/1&#8243;]<div class=\"newdivider align-center\" style=\"border-bottom-style: solid; border-color: #cccccc; border-bottom-width: 1px; margin-top: 0; margin-bottom: 0; width: 100%; \"><\/div><div class=\"clear\"><\/div>[\/vc_column][\/vc_row][vc_row top_padding=&#8221;45&#8243; bottom_padding=&#8221;35&#8243; bg_position=&#8221;left top&#8221;][vc_column width=&#8221;1\/2&#8243;]<div class=\"iconbox  wpb_content_element iconbox-style-2 icon-color-accent color-dark clearfix\"><div class=\"iconbox-icon\"><i class=\"fa sl-badge boxicon\" style=\"\"><\/i><\/div><div class=\"iconbox-content\"><h3>Namjera nam je pru\u017eiti Vam najvi\u0161i standard kvalitete sa garancijom od 10 godina!<\/h3><p><\/p><\/div><\/div>[\/vc_column][vc_column width=&#8221;1\/2&#8243;]<div class=\"iconbox  wpb_content_element iconbox-style-2 icon-color-accent color-dark clearfix\"><div class=\"iconbox-icon\"><i class=\"fa sl-drop boxicon\" style=\"\"><\/i><\/div><div class=\"iconbox-content\"><h3>Na\u0161 cilj je projektiranje, proizvodnja i isporuka armatura vrhunske kvalitete.<\/h3><p><\/p><\/div><\/div>[\/vc_column][\/vc_row][vc_row type=&#8221;full_width_section&#8221;][vc_column width=&#8221;1\/1&#8243;]<div class=\"newdivider align-center\" style=\"border-bottom-style: solid; border-color: #cccccc; border-bottom-width: 1px; margin-top: 0; margin-bottom: 0; width: 100%; \"><\/div><div class=\"clear\"><\/div>[\/vc_column][\/vc_row][vc_row bg_image=&#8221;16885&#8243; top_padding=&#8221;0&#8243; bottom_padding=&#8221;276&#8243; bg_position=&#8221;left top&#8221;][vc_column width=&#8221;1\/1&#8243;]<div class=\"headline font-inherit fontsize-xxl fontweight-300 lh-inherit align-left transform-uppercase \" style=\"margin: 50px 0 0 53px; color: #14b0e6;\">ISTRA\u017dITE NA\u0160E PROIZVODE<\/div><div class=\"headline font-inherit fontsize-inherit fontweight-inherit lh-inherit align-left transform-inherit \" style=\"margin: 10px 0 0 55px;\">Fars-Inox nudi raznoliku paletu proizvoda za kuhinje i kupaonice.<br \/>\nProna\u0111ite prave armature i kupaonski pribor koji odgovaraju va\u0161im potrebama, \u017eeljama i ukusu.<\/div>[\/vc_column][\/vc_row][vc_row type=&#8221;full_width_section&#8221;][vc_column width=&#8221;1\/1&#8243;]<div class=\"newdivider align-center\" style=\"border-bottom-style: solid; border-color: #cccccc; border-bottom-width: 1px; margin-top: 0; margin-bottom: 0; width: 100%; \"><\/div><div class=\"clear\"><\/div>[\/vc_column][\/vc_row][vc_row type=&#8221;full_width_section&#8221; bg_color=&#8221;#14b0e6&#8243; text_align=&#8221;center&#8221; top_padding=&#8221;22&#8243; bottom_padding=&#8221;15&#8243;][vc_column width=&#8221;1\/1&#8243;]<a href=\"?page_id=14449\" target=\"_self\" class=\"button button-appear color-8 large \" style=\"border-radius: 2px;\"><span>PREGLED SVIH PROIZVODA<i class='fa fa-chevron-right'><\/i><\/span><\/a>[\/vc_column][\/vc_row][vc_row bg_image=&#8221;15831&#8243; top_padding=&#8221;0&#8243; bottom_padding=&#8221;120&#8243; bg_position=&#8221;left top&#8221;][vc_column column_padding=&#8221;custom-padding&#8221; column_custompadding=&#8221;0px 0px 0px 74px&#8221; width=&#8221;1\/1&#8243;]<div class=\"headline font-inherit fontsize-xxl fontweight-300 lh-inherit align-left transform-uppercase \" style=\"margin: 50px 0 0 0; color: #14b0e6;\">ARMATURE SA LOGOM VA\u0160E FIRME!<\/div>[vc_column_text]Idealno za hotele, motele, restorane, urede i sli\u010dno.<br \/>\nPromovi\u0161ite svoju firmu sa armaturama s <strong>vlastitim logotipom!<\/strong><br \/>\nNudimo odli\u010dan marketin\u0161ki alat za Va\u0161e poslovanje &#8211;<br \/>\npro\u0161irite prepoznavanje Va\u0161eg brenda, podsje\u0107aju\u0107i ljude na Va\u0161u firmu i poslovanje.[\/vc_column_text]<a href=\"?page_id=4982\" target=\"_self\" class=\"button color-2 medium \" style=\"border-radius: 2px;\">KONTAKTIRAJTE NAS<\/a>[\/vc_column][\/vc_row][vc_row type=&#8221;full_width_section&#8221;][vc_column width=&#8221;1\/1&#8243;]<div class=\"newdivider align-center\" style=\"border-bottom-style: solid; border-color: #cccccc; border-bottom-width: 1px; margin-top: 0; margin-bottom: 0; width: 100%; \"><\/div><div class=\"clear\"><\/div>[\/vc_column][\/vc_row][vc_row bg_color=&#8221;#ffffff&#8221; text_align=&#8221;center&#8221; top_padding=&#8221;35&#8243; bottom_padding=&#8221;25&#8243; bg_position=&#8221;left top&#8221;][vc_column width=&#8221;1\/1&#8243;]<div class=\"iconbox  wpb_content_element iconbox-style-3 icon-color-accent color-dark\"><i class=\"fa sl-bubbles boxicon\" style=\"\"><\/i><h3>\u201c\u017delim biti poput vode. \u017delim se provu\u0107i kroz prste, ali i odr\u017eavati brod na povr\u0161ni.\u201c<\/h3><p>\u2015 Michelle Williams<\/p><\/div>[\/vc_column][\/vc_row][vc_row type=&#8221;full_width_section&#8221;][vc_column width=&#8221;1\/1&#8243;]<div class=\"newdivider align-center\" style=\"border-bottom-style: solid; border-color: #cccccc; border-bottom-width: 1px; margin-top: 0; margin-bottom: 0; width: 100%; \"><\/div><div class=\"clear\"><\/div>[\/vc_column][\/vc_row][vc_row bg_image=&#8221;15829&#8243; top_padding=&#8221;0&#8243; bottom_padding=&#8221;120&#8243; bg_position=&#8221;left top&#8221;][vc_column column_padding=&#8221;custom-padding&#8221; column_custompadding=&#8221;0px 0px 0px 74px&#8221; width=&#8221;1\/1&#8243;]<div class=\"headline font-inherit fontsize-xxl fontweight-300 lh-inherit align-left transform-uppercase \" style=\"margin: 50px 0 0 0; color: #14b0e6;\">POSTANITE NA\u0160 DISTRIBUTER<\/div>[vc_column_text]Fars-Inox trenutno je u fazi \u0161irenja mre\u017ee distributera kako bi odr\u017eali korak<br \/>\ns pove\u0107anjem potra\u017enje kupaca za na\u0161im proizvodima.<br \/>\nDa biste saznali vi\u0161e o tome kako biti Fars-Inox distributer molimo da nas<br \/>\nkontaktirate putem e-maila ili telefona.[\/vc_column_text]<a href=\"?page_id=4982\" target=\"_self\" class=\"button color-2 medium \" style=\"border-radius: 2px;\">KONTAKTIRAJTE NAS<\/a>[\/vc_column][\/vc_row][vc_row type=&#8221;full_width_section&#8221; bg_color=&#8221;#14b0e6&#8243; text_align=&#8221;center&#8221; top_padding=&#8221;5&#8243; bottom_padding=&#8221;0&#8243;][vc_column width=&#8221;1\/1&#8243;][\/vc_column][\/vc_row]<\/p>\n","protected":false},"excerpt":{"rendered":"<p>[vc_row type=&#8221;full_width_section&#8221; bg_position=&#8221;left top&#8221;][vc_column width=&#8221;1\/1&#8243;][rev_slider_vc alias=&#8221;default&#8221;][\/vc_column][\/vc_row][vc_row type=&#8221;full_width_section&#8221;][vc_column width=&#8221;1\/1&#8243;][\/vc_column][\/vc_row][vc_row top_padding=&#8221;45&#8243; bottom_padding=&#8221;35&#8243; bg_position=&#8221;left top&#8221;][vc_column width=&#8221;1\/2&#8243;][\/vc_column][vc_column width=&#8221;1\/2&#8243;][\/vc_column][\/vc_row][vc_row type=&#8221;full_width_section&#8221;][vc_column width=&#8221;1\/1&#8243;][\/vc_column][\/vc_row][vc_row bg_image=&#8221;16885&#8243; top_padding=&#8221;0&#8243; bottom_padding=&#8221;276&#8243; bg_position=&#8221;left top&#8221;][vc_column width=&#8221;1\/1&#8243;][\/vc_column][\/vc_row][vc_row type=&#8221;full_width_section&#8221;][vc_column width=&#8221;1\/1&#8243;][\/vc_column][\/vc_row][vc_row type=&#8221;full_width_section&#8221; bg_color=&#8221;#14b0e6&#8243; text_align=&#8221;center&#8221; top_padding=&#8221;22&#8243; bottom_padding=&#8221;15&#8243;][vc_column width=&#8221;1\/1&#8243;][\/vc_column][\/vc_row][vc_row bg_image=&#8221;15831&#8243; top_padding=&#8221;0&#8243; bottom_padding=&#8221;120&#8243; bg_position=&#8221;left top&#8221;][vc_column column_padding=&#8221;custom-padding&#8221; column_custompadding=&#8221;0px 0px 0px 74px&#8221; width=&#8221;1\/1&#8243;][vc_column_text]Idealno za hotele, motele, restorane, urede i sli\u010dno. Promovi\u0161ite svoju firmu sa armaturama s vlastitim logotipom! Nudimo odli\u010dan marketin\u0161ki alat za Va\u0161e poslovanje &#8211; pro\u0161irite prepoznavanje Va\u0161eg brenda, podsje\u0107aju\u0107i ljude na Va\u0161u firmu i poslovanje.[\/vc_column_text][\/vc_column][\/vc_row][vc_row type=&#8221;full_width_section&#8221;][vc_column width=&#8221;1\/1&#8243;][\/vc_column][\/vc_row][vc_row bg_color=&#8221;#ffffff&#8221; text_align=&#8221;center&#8221; top_padding=&#8221;35&#8243; bottom_padding=&#8221;25&#8243; bg_position=&#8221;left top&#8221;][vc_column width=&#8221;1\/1&#8243;][\/vc_column][\/vc_row][vc_row type=&#8221;full_width_section&#8221;][vc_column width=&#8221;1\/1&#8243;][\/vc_column][\/vc_row][vc_row bg_image=&#8221;15829&#8243; top_padding=&#8221;0&#8243; bottom_padding=&#8221;120&#8243; bg_position=&#8221;left top&#8221;][vc_column column_padding=&#8221;custom-padding&#8221; column_custompadding=&#8221;0px 0px 0px 74px&#8221; width=&#8221;1\/1&#8243;][vc_column_text]Fars-Inox trenutno je u fazi \u0161irenja mre\u017ee distributera kako bi odr\u017eali korak s pove\u0107anjem potra\u017enje kupaca za na\u0161im proizvodima. Da biste saznali vi\u0161e o tome kako biti Fars-Inox distributer molimo da nas kontaktirate putem e-maila ili telefona.[\/vc_column_text][\/vc_column][\/vc_row][vc_row type=&#8221;full_width_section&#8221; bg_color=&#8221;#14b0e6&#8243; text_align=&#8221;center&#8221; top_padding=&#8221;5&#8243; bottom_padding=&#8221;0&#8243;][vc_column width=&#8221;1\/1&#8243;][\/vc_column][\/vc_row]<\/p>\n","protected":false},"author":1,"featured_media":0,"parent":0,"menu_order":0,"comment_status":"closed","ping_status":"closed","template":"","meta":{"footnotes":""},"class_list":["post-4174","page","type-page","status-publish","hentry"],"_links":{"self":[{"href":"http:\/\/www.fars-inox.com\/bih\/wp-json\/wp\/v2\/pages\/4174","targetHints":{"allow":["GET"]}}],"collection":[{"href":"http:\/\/www.fars-inox.com\/bih\/wp-json\/wp\/v2\/pages"}],"about":[{"href":"http:\/\/www.fars-inox.com\/bih\/wp-json\/wp\/v2\/types\/page"}],"author":[{"embeddable":true,"href":"http:\/\/www.fars-inox.com\/bih\/wp-json\/wp\/v2\/users\/1"}],"replies":[{"embeddable":true,"href":"http:\/\/www.fars-inox.com\/bih\/wp-json\/wp\/v2\/comments?post=4174"}],"version-history":[{"count":229,"href":"http:\/\/www.fars-inox.com\/bih\/wp-json\/wp\/v2\/pages\/4174\/revisions"}],"predecessor-version":[{"id":16986,"href":"http:\/\/www.fars-inox.com\/bih\/wp-json\/wp\/v2\/pages\/4174\/revisions\/16986"}],"wp:attachment":[{"href":"http:\/\/www.fars-inox.com\/bih\/wp-json\/wp\/v2\/media?parent=4174"}],"curies":[{"name":"wp","href":"https:\/\/api.w.org\/{rel}","templated":true}]}}