{"id":15585,"date":"2016-05-10T19:51:51","date_gmt":"2016-05-10T19:51:51","guid":{"rendered":"http:\/\/www.fars-inox.com\/bih\/?page_id=15585"},"modified":"2025-02-03T10:14:46","modified_gmt":"2025-02-03T10:14:46","slug":"dealer-locator","status":"publish","type":"page","link":"http:\/\/www.fars-inox.com\/bih\/dealer-locator\/","title":{"rendered":"Distributeri"},"content":{"rendered":"<p>[vc_row bg_image=&#8221;16463&#8243; bg_repeat=&#8221;no-repeat&#8221; bg_color=&#8221;#f9f9f9&#8243; top_padding=&#8221;230&#8243; bottom_padding=&#8221;150&#8243;][vc_column width=&#8221;1\/1&#8243;]<h1 class=\"headline font-inherit fontsize-xxxxxl fontweight-300 lh-13 align-left transform-inherit \" style=\"margin: 0 0 40px 0; color: #ffffff;\">Na\u0161i distributeri<\/h1>[\/vc_column][\/vc_row][vc_row type=&#8221;full_width_section&#8221; bg_color=&#8221;#f9f9f9&#8243;][vc_column width=&#8221;1\/1&#8243;]<div class=\"newdivider align-center\" style=\"border-bottom-style: solid; border-color: #14b0e6; border-bottom-width: 2px; margin-top: 0; margin-bottom: 0; width: 100%; \"><\/div><div class=\"clear\"><\/div>[\/vc_column][\/vc_row][vc_row bg_color=&#8221;#222222&#8243; top_padding=&#8221;30&#8243; bottom_padding=&#8221;10&#8243;][vc_column width=&#8221;1\/1&#8243;]<h1 class=\"headline font-inherit fontsize-m fontweight-300 lh-13 align-left transform-inherit \" style=\"margin: 0 0 20px 0; color: #ffffff;\">Lokacije na\u0161ih distributera u Bosni i Hercegovini.<\/h1>[\/vc_column][\/vc_row][vc_row top_padding=&#8221;40&#8243; bottom_padding=&#8221;40&#8243; bg_position=&#8221;left top&#8221;][vc_column width=&#8221;1\/2&#8243;][vc_tta_accordion shape=&#8221;square&#8221; color=&#8221;white&#8221; c_icon=&#8221;chevron&#8221; active_section=&#8221;&#8221; collapsible_all=&#8221;true&#8221;][vc_tta_section title=&#8221;BANOVI\u0106I&#8221; tab_id=&#8221;1464999859346-3398025b-cc35&#8243;][vc_column_text]<strong>MIDEN COMPANY <\/strong>\/ Bo\u017ei\u0107ka Banovi\u0107a, TC Beta<strong><br \/>\nRENIX<\/strong>\u00a0\/\u00a0Alije Izetbegovi\u0107a br. 107[\/vc_column_text][\/vc_tta_section][vc_tta_section title=&#8221;BANJA LUKA&#8221; tab_id=&#8221;1464999859448-a31ac3d1-14c0&#8243;][vc_column_text]<strong>FIS<\/strong> \/ Branka Popovi\u0107a bb<br \/>\n<strong>SIMIT-KOMERC<\/strong> \/ Mi\u0107e Radakovi\u0107a br. 4<br \/>\n<strong>UNICOOP TRADE<\/strong>\u00a0\/\u00a0Cara Du\u0161ana 178 &#8211; TRN[\/vc_column_text][\/vc_tta_section][vc_tta_section title=&#8221;BIHA\u0106&#8221; tab_id=&#8221;1464999859543-eeb99256-bf60&#8243;][vc_column_text]<strong>\u010cAVKUNOVI\u0106 &#8211; TRADE d.o.o.<\/strong> \/\u00a0\u017drtava srebreni\u010dkog genocida bb<br \/>\n<strong>FIS<\/strong> \/ \u017drtava srebreni\u010dkog genocida bb<br \/>\n<strong>ZEKA COMERC d.o.o.<\/strong> \/ Banjalu\u010dka bb<br \/>\n<strong>WESTAL d.o.o.<\/strong>\u00a0\/ Banjalu\u010dka bb[\/vc_column_text][\/vc_tta_section][vc_tta_section title=&#8221;BIJELJINA&#8221; tab_id=&#8221;1464999859639-aeb45684-7bca&#8221;][vc_column_text]<strong>ALFI<\/strong> \/\u00a0Stefana De\u010danskog 98<br \/>\n<strong>FIS<\/strong> \/ Pavlovi\u0107a Put bb<br \/>\n<strong>ZEKA COMERC<\/strong> \/ Stefana De\u010danskog bb[\/vc_column_text][\/vc_tta_section][vc_tta_section title=&#8221;BOSANSKA KRUPA&#8221; tab_id=&#8221;1464999859688-feeeadd2-98a8&#8243;][vc_column_text]<strong>\u010cAVKUNOVI\u0106 &#8211; TRADE d.o.o.<\/strong> \/\u00a0Unska bb<br \/>\n[\/vc_column_text][\/vc_tta_section][vc_tta_section title=&#8221;BR\u010cKO DISTRIKT&#8221; tab_id=&#8221;1464999859745-d26f1117-2d32&#8243;][vc_column_text]<strong>ALFI d.o.o.\u00a0\/\u00a0<\/strong>Dejtonska bb<strong><br \/>\nAMD SCONTO-BR\u010cKO d.o.o.<\/strong>\u00a0\/ Grbavica bb<br \/>\n<strong>DERMAN\u00a0<\/strong>\/ Mostarska br. 280<br \/>\n<strong>DERMAN\u00a0<\/strong>\/ Cerik<br \/>\n<strong>DERMAN<\/strong> \/ Malezijski put<br \/>\n<strong>FIS<\/strong>\u00a0\/\u00a0Malezijski put bb<br \/>\n<strong>HIDRA CENTAR d.o.o.<\/strong> \/ Muderisa Ibrahimbegovi\u0107a 10A<br \/>\n<strong>SLAVUJ d.o.o.<\/strong>\u00a0\/\u00a0Nikole Tesle bb[\/vc_column_text][\/vc_tta_section][vc_tta_section title=&#8221;BUGOJNO&#8221; tab_id=&#8221;1464999859849-44fc445e-bbe4&#8243;][vc_column_text]<strong>DADI\u0106 PROMET d.o.o.<\/strong> \/\u00a0Podgaj II bb<br \/>\n<strong>FIS<\/strong>\u00a0\/\u00a0Sultan Ahmedova bb[\/vc_column_text][\/vc_tta_section][vc_tta_section title=&#8221;BU\u017dIM&#8221; tab_id=&#8221;1545340035902-625a7773-3af0&#8243;][vc_column_text]<strong>ABI KOMERC\u00a0<\/strong>\/\u00a0Generala Izeta Nani\u0107a bb[\/vc_column_text][\/vc_tta_section][vc_tta_section title=&#8221;CAZIN&#8221; tab_id=&#8221;1464999859905-fae835eb-e292&#8243;][vc_column_text]<strong>CENTRODOM <\/strong>\/ \u0106orali\u0107i 203<br \/>\n<strong>FIS<\/strong>\u00a0\/ Ostro\u017eac bb<br \/>\n<strong>HALKO d.o.o.<\/strong> \/ Kli\u010di\u0107i bb<br \/>\n<strong>MAJA &#8211; COMMERC d.o.o.<\/strong>\u00a0\/\u00a0\u0106orali\u0107i bb<br \/>\n<strong>ZEKA COMERC<\/strong> \/ \u0106orali\u0107i bb[\/vc_column_text][\/vc_tta_section][vc_tta_section title=&#8221;\u010cAPLJINA&#8221; tab_id=&#8221;1464999859964-f08bd8e4-3f26&#8243;][vc_column_text]<strong>MISIR d.o.o.<\/strong> \/\u00a0Blajbur\u0161kih \u017ertava 12<br \/>\n[\/vc_column_text][\/vc_tta_section][vc_tta_section title=&#8221;DERVENTA&#8221; tab_id=&#8221;1464999860074-497fd82d-8f3f&#8221;][vc_column_text]<strong>NIWEX d.o.o.<\/strong> \/\u00a0Prvog maja bb<br \/>\n<strong>POLET KOMERC d.o.o.<\/strong> \/\u00a0Dubi\u010dka bb<br \/>\n[\/vc_column_text][\/vc_tta_section][vc_tta_section title=&#8221;DOBOJ&#8221; tab_id=&#8221;1579637545290-d444b26b-8741&#8243;][vc_column_text]<strong>PLAMINGO d.o.o.<\/strong> \/ Jug Bogdana 15-17[\/vc_column_text][\/vc_tta_section][vc_tta_section title=&#8221;DOBOJ JUG&#8221; tab_id=&#8221;1475059223581-7f06579c-4a90&#8243;][vc_column_text]<strong>AQUASTIL d.o.o. <\/strong>\/ 203. brigade 305 &#8211; Matuzi\u0107i<strong><br \/>\nFIS <\/strong>\/ Matuzi\u0107i, 203. Brigade 27<strong><br \/>\nUZ COMERCE<\/strong>\u00a0\/ Matuzi\u0107i bb[\/vc_column_text][\/vc_tta_section][vc_tta_section title=&#8221;DOBO\u0160NICA&#8221; tab_id=&#8221;1464999860132-9e54271b-35ae&#8221;][vc_column_text]<strong>ECOSOLAR d.o.o.<\/strong> \/\u00a0Gnojnica bb<br \/>\n[\/vc_column_text][\/vc_tta_section][vc_tta_section title=&#8221;FO\u010cA&#8221; tab_id=&#8221;1579633754718-68cf5b0c-059e&#8221;][vc_column_text]<strong>TEMIKA<\/strong> \/ Petra Ko\u010di\u0107a 1[\/vc_column_text][\/vc_tta_section][vc_tta_section title=&#8221;GORA\u017dDE&#8221; tab_id=&#8221;1579633858024-3a9c07fa-1bf2&#8243;][vc_column_text]<strong>FORTEX<\/strong> \/ \u010cajni\u010dka bb<br \/>\n<strong>NOVOGRADNJA<\/strong> \/ Fo\u010danska 27[\/vc_column_text][\/vc_tta_section][vc_tta_section title=&#8221;GRA\u010cANICA&#8221; tab_id=&#8221;1464999860187-c696b66e-c035&#8243;][vc_column_text]<strong>FIS<\/strong> \/\u00a0Branilaca grada bb<br \/>\n<strong>PLAMINGO d.o.o.<\/strong> \/ 22. divizije<br \/>\n<strong>RADIUS d.o.o.<\/strong> \/\u00a0Branilaca grada bb<br \/>\n<strong>ZEKA COMERC d.o.o.<\/strong> \/\u00a0Branilaca grada bb[\/vc_column_text][\/vc_tta_section][vc_tta_section title=&#8221;GRADA\u010cAC&#8221; tab_id=&#8221;1464999860246-f4157c03-147b&#8221;][vc_column_text]<strong>BAKALUK d.o.o.<\/strong> \/\u00a0Branilaca grada 64<br \/>\n<strong>D\u017dERTEX d.o.o.<\/strong> \/\u00a0Kerep bb<br \/>\n<strong>GLAS KOMERC d.o.o.<\/strong> \/ Svira\u010dka 29<br \/>\n<strong>SANIPLAST<\/strong> \/\u00a0Svira\u010dka bb<br \/>\n<strong>ZEKA COMERC d.o.o. <\/strong>\/ Sarajevska bb[\/vc_column_text][\/vc_tta_section][vc_tta_section title=&#8221;GRUDE&#8221; tab_id=&#8221;1579634522176-1214f52c-1bd0&#8243;][vc_column_text]<strong>BILO TRADE d.o.o.<\/strong> \/ Hrvatskih Branitelja 46<br \/>\n<strong>TERMOMONT d.o.o.<\/strong> \/ Lukovac 22 &#8211; Sovi\u0107i[\/vc_column_text][\/vc_tta_section][vc_tta_section title=&#8221;HAD\u017dI\u0106I&#8221; tab_id=&#8221;1718172094402-d953b2fd-c73a&#8221;][vc_column_text]<strong>UKRAS-HAD\u017dI\u0106I<\/strong> \/ Binje\u017eevo 245[\/vc_column_text][\/vc_tta_section][vc_tta_section title=&#8221;ILIJA\u0160&#8221; tab_id=&#8221;1579634823149-de5ac599-8076&#8243;][vc_column_text]<strong>HOD\u017dEX\u00a0 d.o.o.<\/strong> \/ Mo\u0161evi\u010dka br. 5 &#8211; Podlugovi[\/vc_column_text][\/vc_tta_section][vc_tta_section title=&#8221;JELAH&#8221; tab_id=&#8221;1475059148255-c65b3ca2-489e&#8221;][vc_column_text]<strong>UZ COMERCE<\/strong> \/\u00a0Ljetini\u0107 bb[\/vc_column_text][\/vc_tta_section][vc_tta_section title=&#8221;KAKANJ&#8221; tab_id=&#8221;1683795919810-db0f00a2-d4bc&#8221;][vc_column_text]<strong>PLAMINGO d.o.o.<\/strong> \/ Selima efendije Merdanovi\u0107a[\/vc_column_text][\/vc_tta_section][vc_tta_section title=&#8221;KALESIJA&#8221; tab_id=&#8221;1464999860306-7642f0e5-655e&#8221;][vc_column_text]<strong>BADEN t.r.<\/strong> \/\u00a0Mehdina bb<br \/>\n<strong>OXINT d.o.o.<\/strong> \/\u00a0Industrijska zona bb<br \/>\n<strong>SONKO TRADE d.o.o.<\/strong> \/\u00a0Senada Hod\u017ei\u0107a-Mehdina br.33[\/vc_column_text][\/vc_tta_section][vc_tta_section title=&#8221;KISELJAK&#8221; tab_id=&#8221;1622233538402-108ee2ce-022c&#8221;][vc_column_text]<strong>COMEX<\/strong> \/ Zeni\u010dki put bb[\/vc_column_text][\/vc_tta_section][vc_tta_section title=&#8221;KLADANJ&#8221; tab_id=&#8221;1683796005840-57f48363-c806&#8243;][vc_column_text]<strong>PLAMINGO d.o.o.\u00a0<\/strong>\/ Avdage Hasi\u0107a bb[\/vc_column_text][\/vc_tta_section][vc_tta_section title=&#8221;KONJIC&#8221; tab_id=&#8221;1565806272815-307f65a0-3f2b&#8221;][vc_column_text]<strong>MBH PROM d.o.o.<\/strong> \/ Donje Polje bb<br \/>\n<strong>NAM-PROMEX d.o.o. <\/strong>\/ \u010celebi\u0107i do broja 15[\/vc_column_text][\/vc_tta_section][vc_tta_section title=&#8221;KOZARSKA DUBICA&#8221; tab_id=&#8221;1683795520450-f88961bd-8f3c&#8221;][vc_column_text]<strong>PRIMA\u00a0<\/strong>\/ Kralja Petra I Oslobodioca[\/vc_column_text][\/vc_tta_section][\/vc_tta_accordion][\/vc_column][vc_column width=&#8221;1\/2&#8243;][vc_tta_accordion shape=&#8221;square&#8221; color=&#8221;white&#8221; c_icon=&#8221;chevron&#8221; active_section=&#8221;&#8221; collapsible_all=&#8221;true&#8221;][vc_tta_section title=&#8221;LAKTA\u0160I&#8221; tab_id=&#8221;1622233950867-eef4ac7d-e454&#8243;][vc_column_text]<strong>ZOREX TRADE d.o.o.<\/strong> \/\u00a0Ru\u0111era Bo\u0161kovi\u0107a bb[\/vc_column_text][\/vc_tta_section][vc_tta_section title=&#8221;LUKAVAC&#8221; tab_id=&#8221;1579638894649-4e94e608-7ee1&#8243;][vc_column_text]<strong>BEMIS<\/strong> \/ Lukava\u010dkih brigada bb<br \/>\n<strong>EM-ONIKS<\/strong> \/ Magistralni put bb<br \/>\n<strong>OXINT<\/strong> \/ Magistralni put bb[\/vc_column_text][\/vc_tta_section][vc_tta_section title=&#8221;LJUBU\u0160KI&#8221; tab_id=&#8221;1579638785165-0d71eaca-0faa&#8221;][vc_column_text]<strong>A.T. KERAMETAL d.o.o.<\/strong> \/ Vitinska 70<br \/>\n<strong>T.G. FERIMPORT d.o.o.<\/strong> \/ Blizanci bb[\/vc_column_text][\/vc_tta_section][vc_tta_section title=&#8221;MODRI\u010cA&#8221; tab_id=&#8221;1517404370076-04c4680c-38af&#8221;][vc_column_text]<strong>TESLA<\/strong> \/\u00a0Svetosavska bb[\/vc_column_text][\/vc_tta_section][vc_tta_section title=&#8221;MOSTAR&#8221; tab_id=&#8221;1464999249934-16e78b89-8ace&#8221;][vc_column_text]<strong>FIS\u00a0<\/strong>\/ Bi\u0161\u0107e Polje bb<strong><br \/>\nIRTAS EXPORT-IMPORT d.o.o.<\/strong>\u00a0\/\u00a0Opine 35<br \/>\n<strong>KANILA\u00a0<\/strong>\/ Rodo\u010d bb<br \/>\n<strong>LAMIJA d.o.o.<\/strong> \/ Bi\u0161\u0107e Polje bb<br \/>\n<strong>LASER d.o.o.<\/strong> \/ Mar\u0161ala Tita 41B<br \/>\n<b>MEMI\u0106 DEKOR\u00a0<\/b>\/ Mar\u0161ala Tita 294<br \/>\n<strong>P&amp;M COMPANY<\/strong>\u00a0\/\u00a0Opine bb<br \/>\n<strong>PERO d.o.o.\u00a0<\/strong>\/ Bi\u0161\u0107e Polje bb[\/vc_column_text][\/vc_tta_section][vc_tta_section title=&#8221;NEUM&#8221; tab_id=&#8221;1464999549788-2749e6c4-a66b&#8221;][vc_column_text]<strong>MISIR d.o.o.<\/strong>\u00a0\/ Humska bb<br \/>\n<strong>PERO d.o.o.<\/strong> \/ Humska 1[\/vc_column_text][\/vc_tta_section][vc_tta_section title=&#8221;ORA\u0160JE&#8221; tab_id=&#8221;1464999571776-193e85f4-39d7&#8243;][vc_column_text]<strong>BAD\u017dO COM d.o.o. \/\u00a0<\/strong>Poduzetni\u010dka zona Dusine br.9<strong><br \/>\nMAGDA-COMMERC d.o.o.<\/strong> \/\u00a0Tolisa, Fra Martina Nedi\u0107a bb[\/vc_column_text][\/vc_tta_section][vc_tta_section title=&#8221;PRIJEDOR&#8221; tab_id=&#8221;1475059651361-0d303853-88cd&#8221;][vc_column_text]<strong>AUTO \u017dUTI d.o.o.\u00a0\/ <\/strong>Svale bb<strong><br \/>\nLUCKY PRI d.o.o.\u00a0\/ <\/strong>Prvomajska 33<strong><br \/>\n<\/strong>[\/vc_column_text][\/vc_tta_section][vc_tta_section title=&#8221;PRNJAVOR&#8221; tab_id=&#8221;1517404110931-70fc3321-51a8&#8243;][vc_column_text]<strong>AQUA SYSTEM d.o.o.<\/strong>\u00a0\/ Zanatski centar II br. 15<br \/>\n<strong>CENTROPLAST STR\u00a0<\/strong>\/ G. Pala\u010dkovci<br \/>\n<strong>CEREX d.o.o.<\/strong> \/ Donji Galjipovci<br \/>\n<strong>INKER KERAMIKA STR\u00a0<\/strong>\/ Zanatski centar 2[\/vc_column_text][\/vc_tta_section][vc_tta_section title=&#8221;SANSKI MOST&#8221; tab_id=&#8221;1683795648105-5719f0f1-eac5&#8243;][vc_column_text]<strong>WESTAL d.o.o.<\/strong> \/ Bulevar VII Korpusa bb[\/vc_column_text][\/vc_tta_section][vc_tta_section title=&#8221;SARAJEVO&#8221; tab_id=&#8221;1464999572765-6f22f571-aa73&#8243;][vc_column_text]<strong>\u010cENGA d.o.o.<\/strong> \/\u00a0Bojni\u010dka 13 Stup, Ilid\u017ea<br \/>\n<strong>FIS<\/strong> \/\u00a0Halilovi\u0107i 7<br \/>\n<strong>GRADUR TGI d.o.o.<\/strong> \/\u00a0Rajlovac bb<br \/>\n<strong>INTER TEHNA d.o.o.<\/strong> \/ Ul. Ibrahima Hafiza Ri\u0111anovi\u0107a br 53<br \/>\n<strong>MUREX d.o.o.\u00a0<\/strong>\/ Kolodvorska 12<br \/>\n<strong>PENNY PLUS d.o.o.<\/strong> \/\u00a0Bla\u017euj<br \/>\n<strong>PENNY PLUS d.o.o.<\/strong> \/\u00a0Ned\u017eari\u0107i<br \/>\n<strong>PENNY PLUS d.o.o.<\/strong> \/\u00a0Vele\u0161i\u0107i<br \/>\n<strong>PENNY PLUS d.o.o.<\/strong> \/ Vogo\u0161\u0107a<br \/>\n<strong>SENIGOR d.o.o.<\/strong> \/ Osik do br. 1 &#8211; Ilid\u017ea<br \/>\n<strong>SENIGOR d.o.o.<\/strong> \/\u00a0Safeta Zajke 189 &#8211; Rajlovac<br \/>\n<strong>VODOMAR d.o.o.<\/strong> \/ Alipa\u0161ino Polje<br \/>\n<strong>ZEKA COMERCE\u00a0<\/strong>\/ Rakovi\u010dka cesta 58 &#8211; Ilid\u017ea<br \/>\n<strong>\u0160EMIX d.o.o.<\/strong> \/ Tuzlanska<br \/>\n<strong>WAS<\/strong> \/ Safeta Zajke bb[\/vc_column_text][\/vc_tta_section][vc_tta_section title=&#8221;SOKOLAC&#8221; tab_id=&#8221;1622233698626-ec0765d9-e582&#8243;][vc_column_text]<strong>SERVIS \u0110UR\u0110I\u0106 <\/strong>\/ Borka i Ratka Radovi\u0107a bb[\/vc_column_text][\/vc_tta_section][vc_tta_section title=&#8221;SREBRENIK&#8221; tab_id=&#8221;1464999573474-877d5d5e-171d&#8221;][vc_column_text]<strong>MUREX d.o.o. <\/strong>\/ \u0160pionica bb<strong><br \/>\nORIJENT d.o.o.<\/strong> \/\u00a025. Novembra bb<br \/>\n<strong>ORIJENT d.o.o.<\/strong> \/ Uro\u017ea bb[\/vc_column_text][\/vc_tta_section][vc_tta_section title=&#8221;\u0160IROKI BRIJEG&#8221; tab_id=&#8221;1683796194609-0daefdf5-8061&#8243;][vc_column_text]<strong>MARLOPROM\u00a0<\/strong>\/ Trpimirova 2[\/vc_column_text][\/vc_tta_section][vc_tta_section title=&#8221;STOLAC&#8221; tab_id=&#8221;1718172252697-c1dbc86f-2285&#8243;][vc_column_text]<strong>MISIR d.o.o.<\/strong> \/ Kneza Mihajla Vi\u0161evi\u0107a bb[\/vc_column_text][\/vc_tta_section][vc_tta_section title=&#8221;TESLI\u0106&#8221; tab_id=&#8221;1464999574086-01bce4a1-9fd1&#8243;][vc_column_text]<strong>VASELI\u0106<\/strong> \/ Rastu\u0161a bb[\/vc_column_text][\/vc_tta_section][vc_tta_section title=&#8221;TE\u0160ANJ&#8221; tab_id=&#8221;1464999574686-581afee0-0bc3&#8243;][vc_column_text]<strong>PIRO PROMET d.o.o.<\/strong> \/\u00a0D\u017eemili\u0107 Planje bb<br \/>\n<strong>SALKI\u0106 d.o.o.<\/strong> \/ Te\u0161anjka bb[\/vc_column_text][\/vc_tta_section][vc_tta_section title=&#8221;TOMISLAVGRAD&#8221; tab_id=&#8221;1545340689757-b4b3e8ef-3800&#8243;][vc_column_text]<strong>BRODOMERKUR-TG d.o.o.<\/strong> \/ Mijata Tomi\u0107a bb[\/vc_column_text][\/vc_tta_section][vc_tta_section title=&#8221;TREBINJE&#8221; tab_id=&#8221;1683796127536-a23ffb8e-0072&#8243;][vc_column_text]<strong>TERMOMONT<\/strong> \/ Kolubarska[\/vc_column_text][\/vc_tta_section][vc_tta_section title=&#8221;TUZLA&#8221; tab_id=&#8221;1464999575303-4ba0ca67-fd7a&#8221;][vc_column_text]<strong>AMD SCONTO d.o.o. <\/strong>\/ Simin Han<br \/>\n<strong>OXINT d.o.o.<\/strong> \/ Simin Han<br \/>\n<strong>PLAMINGO d.o.o.<\/strong> \/ XVIII hrvatske brigade<br \/>\n<strong>SEZI-KOMERC<\/strong> \/\u00a0Had\u017ei Hasanage Pa\u0161i\u0107a br.2<br \/>\n<strong>TRGOVINA TOPDOM d.o.o.<\/strong> \/\u00a0Bukinjska 44<br \/>\n<strong>ZEKA COMERC d.o.o.<\/strong> \/ \u0160i\u0107ki Brod[\/vc_column_text][\/vc_tta_section][vc_tta_section title=&#8221;VELIKA KLADU\u0160A&#8221; tab_id=&#8221;1464999575902-ee55a401-b44e&#8221;][vc_column_text]<strong>AMEL\u0160EH<\/strong> <strong>d.o.o.<\/strong> \/\u00a0I Muslimanske brigade<br \/>\n<strong>VEB d.o.o.<\/strong> \/ Milana Pilipovi\u0107a 30<br \/>\n<strong>VELI\u0106 BETON<\/strong> <strong>d.o.o.<\/strong> \/\u00a0Zuhdije \u017dali\u0107a bb[\/vc_column_text][\/vc_tta_section][vc_tta_section title=&#8221;VISOKO&#8221; tab_id=&#8221;1464999576615-7c1ca439-85b9&#8243;][vc_column_text]<strong>IGM DD<\/strong> \/\u00a0Rakovica<br \/>\n<strong>IGM DD<\/strong> \/\u00a0Donje Mo\u0161tre<br \/>\n<strong>PLAMINGO d.o.o.<\/strong> \/ Sarajevska bb[\/vc_column_text][\/vc_tta_section][vc_tta_section title=&#8221;VITEZ&#8221; tab_id=&#8221;1464999577272-5d361ebb-0067&#8243;][vc_column_text]<strong>FIS<\/strong> \/\u00a0PC 96<br \/>\n<strong>GANIK IDA d.o.o. <\/strong> \/\u00a0PC 96-2[\/vc_column_text][\/vc_tta_section][vc_tta_section title=&#8221;ZAVIDOVI\u0106I&#8221; tab_id=&#8221;1464999792187-d0fd9027-4236&#8243;][vc_column_text]<strong>ALMY d.o.o.<\/strong> \/ Radni\u010dka bb<br \/>\n<strong>VEGGS TR<\/strong> \/\u00a0Dragova\u010dki put bb[\/vc_column_text][\/vc_tta_section][vc_tta_section title=&#8221;ZENICA&#8221; tab_id=&#8221;1464999793009-f1a16add-6ebf&#8221;][vc_column_text]<strong>ALMY d.o.o.<\/strong> \/\u00a0Vrandu\u010dka bb, Pe\u010duj<br \/>\n<strong>BRA\u0106A KARI\u0106 d.o.o.<\/strong> \/\u00a0Huseina Kulenovi\u0107a 18<br \/>\n<strong>EKOR KOMERC d.o.o.<\/strong> \/ \u0160ljivik<br \/>\n<strong>FITING d.o.o.\u00a0<\/strong>\/ Titova 26<br \/>\n<strong>PERO d.o.o.<\/strong> \/\u00a0Zmaja od Bosne 27<br \/>\n<strong>ZEKA COMERC d.o.o.\u00a0<\/strong>\/ Kamberovi\u0107a \u010dikma bb[\/vc_column_text][\/vc_tta_section][vc_tta_section title=&#8221;ZVORNIK&#8221; tab_id=&#8221;1464999793670-f59590d3-5ced&#8221;][vc_column_text][\/vc_column_text][\/vc_tta_section][vc_tta_section title=&#8221;\u017dEP\u010cE&#8221; tab_id=&#8221;1464999794252-d1cb145e-12db&#8221;][vc_column_text]<strong>FIS<\/strong> \/ Brankovi\u0107i bb<strong><br \/>\nMARI\u0106 \u017dEP\u010cE d.o.o.<\/strong> \/\u00a0Donje ravne bb<br \/>\n<strong>TING d.o.o.<\/strong> \/\u00a0Kulina Bana bb[\/vc_column_text][\/vc_tta_section][vc_tta_section title=&#8221;\u017dIVINICE&#8221; tab_id=&#8221;1464999794848-f632b634-9453&#8243;][vc_column_text]<strong>KALAJAC-COMERCE d.o.o.<\/strong> \/\u00a0III ulica 34<br \/>\n<strong>MAMI\u0106 TR TEPISI-LAMINATI\u00a0<\/strong>\/ Prvi mart bb , Novi Grad<br \/>\n<strong>MIDEN COMPANY d.o.o.<\/strong> \/\u00a0M-18 bb<br \/>\n<strong>OXINT\u00a0 d.o.o. <\/strong>\/ Prva ulica 57<strong><br \/>\nZH &#8211; ZOLA d.o.o. <\/strong>\/\u00a0I ulica br. 11<br \/>\n<strong>ZEKA COMERCE d.o.o.\u00a0<\/strong>\/ Magistralni put bb[\/vc_column_text][\/vc_tta_section][\/vc_tta_accordion][\/vc_column][\/vc_row][vc_row bg_color=&#8221;#14b0e6&#8243; text_color=&#8221;light&#8221; text_align=&#8221;center&#8221; top_padding=&#8221;50&#8243; bottom_padding=&#8221;50&#8243; bg_position=&#8221;left top&#8221;][vc_column width=&#8221;1\/1&#8243;]<h2 class=\"headline font-inherit fontsize-xxl fontweight-300 lh-16 align-center transform-uppercase \" style=\"margin: 0 0 10px 0; color: #ffffff;\">POSTANITE NA\u0160 DISTRIBUTER<\/h2>[vc_column_text]Fars-Inox trenutno je u fazi \u0161irenja mre\u017ee distributera kako bi odr\u017eali korak\u00a0s pove\u0107anjem potra\u017enje kupaca za na\u0161im proizvodima.<br \/>\nDa biste saznali vi\u0161e o tome kako biti Fars-Inox distributer molimo da nas\u00a0kontaktirate putem e-maila ili telefona.[\/vc_column_text]<a href=\"?page_id=4982\" target=\"_self\" class=\"button button-appear color-8 large \" style=\"border-radius: 2px;\"><span>KONTAKTIRAJTE NAS<i class='fa fa-chevron-right'><\/i><\/span><\/a>[\/vc_column][\/vc_row]<\/p>\n","protected":false},"excerpt":{"rendered":"<p>[vc_row bg_image=&#8221;16463&#8243; bg_repeat=&#8221;no-repeat&#8221; bg_color=&#8221;#f9f9f9&#8243; top_padding=&#8221;230&#8243; bottom_padding=&#8221;150&#8243;][vc_column width=&#8221;1\/1&#8243;][\/vc_column][\/vc_row][vc_row type=&#8221;full_width_section&#8221; bg_color=&#8221;#f9f9f9&#8243;][vc_column width=&#8221;1\/1&#8243;][\/vc_column][\/vc_row][vc_row bg_color=&#8221;#222222&#8243; top_padding=&#8221;30&#8243; bottom_padding=&#8221;10&#8243;][vc_column width=&#8221;1\/1&#8243;][\/vc_column][\/vc_row][vc_row top_padding=&#8221;40&#8243; bottom_padding=&#8221;40&#8243; bg_position=&#8221;left top&#8221;][vc_column width=&#8221;1\/2&#8243;][vc_tta_accordion shape=&#8221;square&#8221; color=&#8221;white&#8221; c_icon=&#8221;chevron&#8221; active_section=&#8221;&#8221; collapsible_all=&#8221;true&#8221;][vc_tta_section title=&#8221;BANOVI\u0106I&#8221; tab_id=&#8221;1464999859346-3398025b-cc35&#8243;][vc_column_text]MIDEN COMPANY \/ Bo\u017ei\u0107ka Banovi\u0107a, TC Beta RENIX\u00a0\/\u00a0Alije Izetbegovi\u0107a br. 107[\/vc_column_text][\/vc_tta_section][vc_tta_section title=&#8221;BANJA LUKA&#8221; tab_id=&#8221;1464999859448-a31ac3d1-14c0&#8243;][vc_column_text]FIS \/ Branka Popovi\u0107a bb SIMIT-KOMERC \/ Mi\u0107e Radakovi\u0107a br. 4 UNICOOP TRADE\u00a0\/\u00a0Cara Du\u0161ana 178 &#8211; TRN[\/vc_column_text][\/vc_tta_section][vc_tta_section title=&#8221;BIHA\u0106&#8221; tab_id=&#8221;1464999859543-eeb99256-bf60&#8243;][vc_column_text]\u010cAVKUNOVI\u0106 &#8211; TRADE d.o.o. \/\u00a0\u017drtava srebreni\u010dkog genocida bb FIS \/ \u017drtava srebreni\u010dkog genocida bb ZEKA COMERC d.o.o. \/ Banjalu\u010dka bb WESTAL d.o.o.\u00a0\/ Banjalu\u010dka bb[\/vc_column_text][\/vc_tta_section][vc_tta_section title=&#8221;BIJELJINA&#8221; tab_id=&#8221;1464999859639-aeb45684-7bca&#8221;][vc_column_text]ALFI \/\u00a0Stefana De\u010danskog 98 FIS \/ Pavlovi\u0107a Put bb ZEKA COMERC \/ Stefana De\u010danskog bb[\/vc_column_text][\/vc_tta_section][vc_tta_section title=&#8221;BOSANSKA KRUPA&#8221; tab_id=&#8221;1464999859688-feeeadd2-98a8&#8243;][vc_column_text]\u010cAVKUNOVI\u0106 &#8211; TRADE d.o.o. \/\u00a0Unska bb [\/vc_column_text][\/vc_tta_section][vc_tta_section title=&#8221;BR\u010cKO DISTRIKT&#8221; tab_id=&#8221;1464999859745-d26f1117-2d32&#8243;][vc_column_text]ALFI d.o.o.\u00a0\/\u00a0Dejtonska bb AMD SCONTO-BR\u010cKO d.o.o.\u00a0\/ Grbavica bb DERMAN\u00a0\/ Mostarska br. 280 DERMAN\u00a0\/ Cerik DERMAN \/ Malezijski put FIS\u00a0\/\u00a0Malezijski put bb HIDRA CENTAR d.o.o. \/ Muderisa Ibrahimbegovi\u0107a 10A SLAVUJ d.o.o.\u00a0\/\u00a0Nikole Tesle bb[\/vc_column_text][\/vc_tta_section][vc_tta_section title=&#8221;BUGOJNO&#8221; tab_id=&#8221;1464999859849-44fc445e-bbe4&#8243;][vc_column_text]DADI\u0106 PROMET d.o.o. \/\u00a0Podgaj II bb FIS\u00a0\/\u00a0Sultan Ahmedova bb[\/vc_column_text][\/vc_tta_section][vc_tta_section title=&#8221;BU\u017dIM&#8221; tab_id=&#8221;1545340035902-625a7773-3af0&#8243;][vc_column_text]ABI KOMERC\u00a0\/\u00a0Generala Izeta Nani\u0107a bb[\/vc_column_text][\/vc_tta_section][vc_tta_section title=&#8221;CAZIN&#8221; tab_id=&#8221;1464999859905-fae835eb-e292&#8243;][vc_column_text]CENTRODOM \/ \u0106orali\u0107i 203 FIS\u00a0\/ Ostro\u017eac bb HALKO d.o.o. \/ Kli\u010di\u0107i bb MAJA &#8211; COMMERC d.o.o.\u00a0\/\u00a0\u0106orali\u0107i bb ZEKA COMERC \/ \u0106orali\u0107i bb[\/vc_column_text][\/vc_tta_section][vc_tta_section title=&#8221;\u010cAPLJINA&#8221; tab_id=&#8221;1464999859964-f08bd8e4-3f26&#8243;][vc_column_text]MISIR d.o.o. \/\u00a0Blajbur\u0161kih \u017ertava 12 [\/vc_column_text][\/vc_tta_section][vc_tta_section title=&#8221;DERVENTA&#8221; tab_id=&#8221;1464999860074-497fd82d-8f3f&#8221;][vc_column_text]NIWEX d.o.o. \/\u00a0Prvog maja bb POLET KOMERC d.o.o. \/\u00a0Dubi\u010dka bb [\/vc_column_text][\/vc_tta_section][vc_tta_section title=&#8221;DOBOJ&#8221; tab_id=&#8221;1579637545290-d444b26b-8741&#8243;][vc_column_text]PLAMINGO d.o.o. [&hellip;]<\/p>\n","protected":false},"author":1,"featured_media":0,"parent":0,"menu_order":0,"comment_status":"closed","ping_status":"closed","template":"","meta":{"footnotes":""},"class_list":["post-15585","page","type-page","status-publish","hentry"],"_links":{"self":[{"href":"http:\/\/www.fars-inox.com\/bih\/wp-json\/wp\/v2\/pages\/15585","targetHints":{"allow":["GET"]}}],"collection":[{"href":"http:\/\/www.fars-inox.com\/bih\/wp-json\/wp\/v2\/pages"}],"about":[{"href":"http:\/\/www.fars-inox.com\/bih\/wp-json\/wp\/v2\/types\/page"}],"author":[{"embeddable":true,"href":"http:\/\/www.fars-inox.com\/bih\/wp-json\/wp\/v2\/users\/1"}],"replies":[{"embeddable":true,"href":"http:\/\/www.fars-inox.com\/bih\/wp-json\/wp\/v2\/comments?post=15585"}],"version-history":[{"count":131,"href":"http:\/\/www.fars-inox.com\/bih\/wp-json\/wp\/v2\/pages\/15585\/revisions"}],"predecessor-version":[{"id":17055,"href":"http:\/\/www.fars-inox.com\/bih\/wp-json\/wp\/v2\/pages\/15585\/revisions\/17055"}],"wp:attachment":[{"href":"http:\/\/www.fars-inox.com\/bih\/wp-json\/wp\/v2\/media?parent=15585"}],"curies":[{"name":"wp","href":"https:\/\/api.w.org\/{rel}","templated":true}]}}