{"id":12749,"date":"2016-05-10T16:48:30","date_gmt":"2016-05-10T16:48:30","guid":{"rendered":"http:\/\/localhost\/themes\/unicon\/?page_id=12749"},"modified":"2018-12-16T20:01:46","modified_gmt":"2018-12-16T20:01:46","slug":"about_us","status":"publish","type":"page","link":"http:\/\/www.fars-inox.com\/bih\/about_us\/","title":{"rendered":"O nama"},"content":{"rendered":"<p>[vc_row bg_image=&#8221;16153&#8243; bg_color=&#8221;#f9f9f9&#8243; top_padding=&#8221;100&#8243; bottom_padding=&#8221;75&#8243;][vc_column width=&#8221;1\/1&#8243;]<h1 class=\"headline font-inherit fontsize-xxxxxl fontweight-300 lh-13 align-left transform-inherit \" style=\"margin: 0 0 40px 0; color: #ffffff;\">Mi dizajniramo<br \/>\ni proizvodimo armature<br \/>\nvisokog kvaliteta.<\/h1><h1 class=\"headline font-inherit fontsize-m fontweight-500 lh-13 align-left transform-inherit \" style=\"margin: 0 0 0 0; color: #ffffff;\">To potvr\u0111ujemo garancijom od 10 godina!<\/h1>[\/vc_column][\/vc_row][vc_row type=&#8221;full_width_section&#8221; bg_color=&#8221;#f9f9f9&#8243;][vc_column width=&#8221;1\/1&#8243;]<div class=\"newdivider align-center\" style=\"border-bottom-style: solid; border-color: #14b0e6; border-bottom-width: 2px; margin-top: 0; margin-bottom: 0; width: 100%; \"><\/div><div class=\"clear\"><\/div>[\/vc_column][\/vc_row][vc_row top_padding=&#8221;70&#8243; bottom_padding=&#8221;70&#8243; bg_position=&#8221;left top&#8221;][vc_column width=&#8221;1\/3&#8243;]<div class=\"single_image wpb_content_element align-left    \" data-animation=\"none\" data-delay=\"0\"><img loading=\"lazy\" decoding=\"async\" width=\"360\" height=\"260\" src=\"http:\/\/www.fars-inox.com\/bih\/wp-content\/uploads\/2016\/05\/product_kitchen_1072_0-1.jpg\" class=\"attachment-full\" alt=\"\" srcset=\"http:\/\/www.fars-inox.com\/bih\/wp-content\/uploads\/2016\/05\/product_kitchen_1072_0-1.jpg 360w, http:\/\/www.fars-inox.com\/bih\/wp-content\/uploads\/2016\/05\/product_kitchen_1072_0-1-300x217.jpg 300w\" sizes=\"auto, (max-width: 360px) 100vw, 360px\" \/><\/div>[vc_column_text]<\/p>\n<h6>ARMATURE ZA KUHINJU<\/h6>\n<p>Kuhinjske armature pru\u017eaju lagan pristup i jednostavno kori\u0161tenje. Visina, savr\u0161ena rotacija od 360\u00b0 i jednostavno odr\u017eavanje su osobine koje opisuju na\u0161u armaturu za kuhinju.<\/p>\n<ul class=\"highlight\">\n<li>100% nehr\u0111aju\u0107i \u010delik<\/li>\n<li>Visoki sjaj<\/li>\n<li>Vertikalna pozicija ru\u010dke za ugodno rukovanje<\/li>\n<li>Visoki i normalni luk izlivne cijevi<\/li>\n<li>Armature sa 2 ili 3 cijevi (za niskotla\u010dni bojler)<\/li>\n<li>10 godina garancije<\/li>\n<\/ul>\n<p>[\/vc_column_text][\/vc_column][vc_column width=&#8221;1\/3&#8243;]<div class=\"single_image wpb_content_element align-left    \" data-animation=\"none\" data-delay=\"0\"><img loading=\"lazy\" decoding=\"async\" width=\"360\" height=\"260\" src=\"http:\/\/www.fars-inox.com\/bih\/wp-content\/uploads\/2016\/05\/product_bath_1040_0-1.jpg\" class=\"attachment-full\" alt=\"\" srcset=\"http:\/\/www.fars-inox.com\/bih\/wp-content\/uploads\/2016\/05\/product_bath_1040_0-1.jpg 360w, http:\/\/www.fars-inox.com\/bih\/wp-content\/uploads\/2016\/05\/product_bath_1040_0-1-300x217.jpg 300w\" sizes=\"auto, (max-width: 360px) 100vw, 360px\" \/><\/div>[vc_column_text]<\/p>\n<h6>ARMATURE ZA KUPAONICU<\/h6>\n<p>Klasi\u010dna linija na\u0161ih armatura i minimalisti\u010dki dizajn daje vam slobodu pri ure\u0111enju kupaonice.<br \/>\nBez obzira na izbor stila i trenda na\u0161a armatura \u0107e biti centar va\u0161eg kupatila.<\/p>\n<ul class=\"highlight\">\n<li>100% nehr\u0111aju\u0107i \u010delik<\/li>\n<li>Visoki sjaj<\/li>\n<li>Standardne i elektronske armature za umivaonik<\/li>\n<li>Armature za kadu<\/li>\n<li>Armature za tu\u0161 kadu<\/li>\n<li>10 godina garancije<\/li>\n<\/ul>\n<p>[\/vc_column_text][\/vc_column][vc_column width=&#8221;1\/3&#8243;]<div class=\"single_image wpb_content_element align-left    \" data-animation=\"none\" data-delay=\"0\"><img loading=\"lazy\" decoding=\"async\" width=\"360\" height=\"260\" src=\"http:\/\/www.fars-inox.com\/bih\/wp-content\/uploads\/2016\/05\/accessorie_01_grab_bar_0.jpg\" class=\"attachment-full\" alt=\"\" srcset=\"http:\/\/www.fars-inox.com\/bih\/wp-content\/uploads\/2016\/05\/accessorie_01_grab_bar_0.jpg 360w, http:\/\/www.fars-inox.com\/bih\/wp-content\/uploads\/2016\/05\/accessorie_01_grab_bar_0-300x217.jpg 300w\" sizes=\"auto, (max-width: 360px) 100vw, 360px\" \/><\/div>[vc_column_text]<\/p>\n<h6>OPREMA ZA KUPAONICU<\/h6>\n<p>Osvje\u017eite dekor svog kupatila sa bilo kojim proizvodom iz na\u0161eg asortimana. Na\u0161a oprema za kupaonicu pru\u017ea jednostavan i pristupa\u010dan na\u010din da uljep\u0161ate svoju kupaonicu.<\/p>\n<ul class=\"highlight\">\n<li>Prihvata\u010d za kadu<\/li>\n<li>Eta\u017eer<\/li>\n<li>Dr\u017ea\u010di ru\u010dnika<\/li>\n<li>Dr\u017ea\u010di toalet papira<\/li>\n<li>\u010cetka za wc<\/li>\n<li>I mnogo vi\u0161e&#8230;<\/li>\n<\/ul>\n<p>[\/vc_column_text][\/vc_column][\/vc_row][vc_row bg_image=&#8221;16172&#8243; bg_repeat=&#8221;no-repeat&#8221; parallax_bg=&#8221;true&#8221; text_color=&#8221;light&#8221; text_align=&#8221;center&#8221; top_padding=&#8221;140&#8243; bottom_padding=&#8221;120&#8243;][vc_column width=&#8221;1\/1&#8243;]<h2 class=\"headline font-inherit fontsize-xxxxxl fontweight-300 lh-12 align-center transform-inherit \" style=\"margin: 0 0 20px 0;\">Klasi\u010dna linija i minimalisti\u010dki dizajn<\/h2><div class=\"headline font-inherit fontsize-m fontweight-300 lh-13 align-center transform-inherit \" style=\"margin: 0 0 40px 0; color: rgba(255,255,255,0.7);\">Bez obzira na izbor stila i trenda<br \/>\nna\u0161a armatura \u0107e biti centar va\u0161eg kupatila.<\/div>[\/vc_column][\/vc_row][vc_row top_padding=&#8221;70&#8243; bottom_padding=&#8221;40&#8243; bg_position=&#8221;left top&#8221;][vc_column width=&#8221;2\/3&#8243;][vc_column_text]<\/p>\n<h6>FARS-INOX doo. \u2013 Proizvodna kompanija<\/h6>\n<p>Svi na\u0161i proizvodi su razvijeni i proizvedeni u fabrici Fars-Inox. Nudimo raznovrstan izbor pa\u017eljivo dizajniranih armatura za kuhinje i kupaonice, opremu za kupaonice za stambene jedinice, kao i niz komercijalnih aplikacija.<br \/>\nNa\u0161i proizvodi daju najbolju mogu\u0107u kombinaciju inovacije, korisne funkcije i trajne vrijednosti. Fars-Inox armature su izra\u0111ene od nehr\u0111aju\u0107eg \u010delika (inox 18\/10) te su polirane do visokog sjaja. Upotreba nehr\u0111aju\u0107eg \u010delika garantira visok kvalitet, lako odr\u017eavanje, trajnost i pouzdanost.<br \/>\n<strong>Proces proizvodnje zadovoljava visoke evropske ekolo\u0161ke standarde.<\/strong>[\/vc_column_text][\/vc_column][vc_column width=&#8221;1\/3&#8243;]<div class=\"single_image wpb_content_element align-center  animate  image_opacity \" data-animation=\"fade-in-from-bottom\" data-delay=\"500\"><img loading=\"lazy\" decoding=\"async\" width=\"250\" height=\"218\" src=\"http:\/\/www.fars-inox.com\/bih\/wp-content\/uploads\/2016\/05\/fars-inox_logo_200.png\" class=\"attachment-full\" alt=\"\" \/><\/div>[\/vc_column][\/vc_row][vc_row type=&#8221;full_width_section&#8221; bg_position=&#8221;left top&#8221;][vc_column width=&#8221;1\/1&#8243;]<div class=\"callout clearfix\" style=\"background-color:#14b0e6; color:#ffffff;\">\n\t\t<div class=\"callout-text\">ISTRA\u017dITE SVE FARS-INOX PROIZVODE<\/div>\n\t\t\t<div class=\"callout-button\"><a class=\"button medium color-8\" href=\"?page_id=14449\" target=\"_self\">PROIZVODI<\/a><\/div>\n\t\t<\/div>[\/vc_column][\/vc_row]<\/p>\n","protected":false},"excerpt":{"rendered":"<p>[vc_row bg_image=&#8221;16153&#8243; bg_color=&#8221;#f9f9f9&#8243; top_padding=&#8221;100&#8243; bottom_padding=&#8221;75&#8243;][vc_column width=&#8221;1\/1&#8243;][\/vc_column][\/vc_row][vc_row type=&#8221;full_width_section&#8221; bg_color=&#8221;#f9f9f9&#8243;][vc_column width=&#8221;1\/1&#8243;][\/vc_column][\/vc_row][vc_row top_padding=&#8221;70&#8243; bottom_padding=&#8221;70&#8243; bg_position=&#8221;left top&#8221;][vc_column width=&#8221;1\/3&#8243;][vc_column_text] ARMATURE ZA KUHINJU Kuhinjske armature pru\u017eaju lagan pristup i jednostavno kori\u0161tenje. Visina, savr\u0161ena rotacija od 360\u00b0 i jednostavno odr\u017eavanje su osobine koje opisuju na\u0161u armaturu za kuhinju. 100% nehr\u0111aju\u0107i \u010delik Visoki sjaj Vertikalna pozicija ru\u010dke za ugodno rukovanje Visoki i normalni luk izlivne cijevi Armature sa 2 ili 3 cijevi (za niskotla\u010dni bojler) 10 godina garancije [\/vc_column_text][\/vc_column][vc_column width=&#8221;1\/3&#8243;][vc_column_text] ARMATURE ZA KUPAONICU Klasi\u010dna linija na\u0161ih armatura i minimalisti\u010dki dizajn daje vam slobodu pri ure\u0111enju kupaonice. Bez obzira na izbor stila i trenda na\u0161a armatura \u0107e biti centar va\u0161eg kupatila. 100% nehr\u0111aju\u0107i \u010delik Visoki sjaj Standardne i elektronske armature za umivaonik Armature za kadu Armature za tu\u0161 kadu 10 godina garancije [\/vc_column_text][\/vc_column][vc_column width=&#8221;1\/3&#8243;][vc_column_text] OPREMA ZA KUPAONICU Osvje\u017eite dekor svog kupatila sa bilo kojim proizvodom iz na\u0161eg asortimana. Na\u0161a oprema za kupaonicu pru\u017ea jednostavan i pristupa\u010dan na\u010din da uljep\u0161ate svoju kupaonicu. Prihvata\u010d za kadu Eta\u017eer Dr\u017ea\u010di ru\u010dnika Dr\u017ea\u010di toalet papira \u010cetka za wc I mnogo vi\u0161e&#8230; [\/vc_column_text][\/vc_column][\/vc_row][vc_row bg_image=&#8221;16172&#8243; bg_repeat=&#8221;no-repeat&#8221; parallax_bg=&#8221;true&#8221; text_color=&#8221;light&#8221; text_align=&#8221;center&#8221; top_padding=&#8221;140&#8243; bottom_padding=&#8221;120&#8243;][vc_column width=&#8221;1\/1&#8243;][\/vc_column][\/vc_row][vc_row top_padding=&#8221;70&#8243; bottom_padding=&#8221;40&#8243; bg_position=&#8221;left top&#8221;][vc_column width=&#8221;2\/3&#8243;][vc_column_text] FARS-INOX doo. \u2013 Proizvodna kompanija Svi na\u0161i proizvodi su razvijeni i proizvedeni u fabrici Fars-Inox. Nudimo raznovrstan izbor pa\u017eljivo [&hellip;]<\/p>\n","protected":false},"author":1,"featured_media":0,"parent":0,"menu_order":0,"comment_status":"closed","ping_status":"closed","template":"","meta":{"footnotes":""},"class_list":["post-12749","page","type-page","status-publish","hentry"],"_links":{"self":[{"href":"http:\/\/www.fars-inox.com\/bih\/wp-json\/wp\/v2\/pages\/12749","targetHints":{"allow":["GET"]}}],"collection":[{"href":"http:\/\/www.fars-inox.com\/bih\/wp-json\/wp\/v2\/pages"}],"about":[{"href":"http:\/\/www.fars-inox.com\/bih\/wp-json\/wp\/v2\/types\/page"}],"author":[{"embeddable":true,"href":"http:\/\/www.fars-inox.com\/bih\/wp-json\/wp\/v2\/users\/1"}],"replies":[{"embeddable":true,"href":"http:\/\/www.fars-inox.com\/bih\/wp-json\/wp\/v2\/comments?post=12749"}],"version-history":[{"count":109,"href":"http:\/\/www.fars-inox.com\/bih\/wp-json\/wp\/v2\/pages\/12749\/revisions"}],"predecessor-version":[{"id":16961,"href":"http:\/\/www.fars-inox.com\/bih\/wp-json\/wp\/v2\/pages\/12749\/revisions\/16961"}],"wp:attachment":[{"href":"http:\/\/www.fars-inox.com\/bih\/wp-json\/wp\/v2\/media?parent=12749"}],"curies":[{"name":"wp","href":"https:\/\/api.w.org\/{rel}","templated":true}]}}